{"id":88,"date":"2024-09-14T20:24:27","date_gmt":"2024-09-14T19:24:27","guid":{"rendered":"https:\/\/irrelevant.es\/?page_id=88"},"modified":"2024-09-14T20:24:27","modified_gmt":"2024-09-14T19:24:27","slug":"el-valor-para-el-cliente","status":"publish","type":"page","link":"https:\/\/irrelevant.es\/","title":{"rendered":"El Valor para el cliente"},"content":{"rendered":"\n<p class=\"has-medium-font-size\">En un mundo en el que los clientes interact\u00faan y se relacionan constantemente con su organizaci\u00f3n a trav\u00e9s de m\u00faltiples canales, incluidos los digitales y sociales, algunas de estas pueden considerarse triviales y otras cruciales.<\/p>\n\n\n\n<p class=\"has-medium-font-size\">Recoger informaci\u00f3n sobre las relaciones con sus clientes <strong>NO<\/strong> lleva al conocimiento de este.<\/p>\n\n\n\n<p class=\"has-medium-font-size\">Y obtener conocimiento sobre el cliente<strong> TAMPOCO<\/strong> lleva la generaci\u00f3n de valor.<\/p>\n\n\n\n<p class=\"has-medium-font-size\">Tras casi dos d\u00e9cadas de avances tecnol\u00f3gicos que permiten obtener informaci\u00f3n y en algunos casos conocimiento muy poco se ha avanzado en la generaci\u00f3n de valor y a\u00fan menos en la entrega de ese valor a los clientes.<\/p>\n","protected":false},"excerpt":{"rendered":"<p>En un mundo en el que los clientes interact\u00faan y se relacionan constantemente con su organizaci\u00f3n a trav\u00e9s de m\u00faltiples canales, incluidos los digitales y sociales, algunas de estas pueden considerarse triviales y otras cruciales. Recoger informaci\u00f3n sobre las relaciones con sus clientes NO lleva al conocimiento de este. Y obtener conocimiento sobre el cliente &hellip; <\/p>\n<p class=\"link-more\"><a href=\"https:\/\/irrelevant.es\/\" class=\"more-link\">Continuar leyendo<span class=\"screen-reader-text\"> \u00abEl Valor para el cliente\u00bb<\/span><\/a><\/p>\n","protected":false},"author":1,"featured_media":0,"parent":0,"menu_order":0,"comment_status":"closed","ping_status":"closed","template":"","meta":{"footnotes":""},"class_list":["post-88","page","type-page","status-publish","hentry"],"_links":{"self":[{"href":"https:\/\/irrelevant.es\/index.php?rest_route=\/wp\/v2\/pages\/88","targetHints":{"allow":["GET"]}}],"collection":[{"href":"https:\/\/irrelevant.es\/index.php?rest_route=\/wp\/v2\/pages"}],"about":[{"href":"https:\/\/irrelevant.es\/index.php?rest_route=\/wp\/v2\/types\/page"}],"author":[{"embeddable":true,"href":"https:\/\/irrelevant.es\/index.php?rest_route=\/wp\/v2\/users\/1"}],"replies":[{"embeddable":true,"href":"https:\/\/irrelevant.es\/index.php?rest_route=%2Fwp%2Fv2%2Fcomments&post=88"}],"version-history":[{"count":1,"href":"https:\/\/irrelevant.es\/index.php?rest_route=\/wp\/v2\/pages\/88\/revisions"}],"predecessor-version":[{"id":89,"href":"https:\/\/irrelevant.es\/index.php?rest_route=\/wp\/v2\/pages\/88\/revisions\/89"}],"wp:attachment":[{"href":"https:\/\/irrelevant.es\/index.php?rest_route=%2Fwp%2Fv2%2Fmedia&parent=88"}],"curies":[{"name":"wp","href":"https:\/\/api.w.org\/{rel}","templated":true}]}}