{"id":2,"date":"2016-05-10T03:48:21","date_gmt":"2016-05-10T03:48:21","guid":{"rendered":"https:\/\/irrelevant.es\/?page_id=2"},"modified":"2024-09-14T20:18:41","modified_gmt":"2024-09-14T19:18:41","slug":"sample-page","status":"publish","type":"page","link":"https:\/\/irrelevant.es\/?page_id=2","title":{"rendered":"Sobre Nosotros"},"content":{"rendered":"\n<p class=\"has-medium-font-size\"><strong>En el mundo real y el digital<\/strong>, crecimos sin y con internet, conocimos la burbuja, navegamos con Netscape, publicamos en las News, chateamos en IRC, exist\u00eda antes de los dispositivos convergentes y las manzanas.<\/p>\n\n\n\n<h2 class=\"wp-block-heading has-medium-font-size\"><strong>El mundo real existe: \u00a0Integramos ambas realidades\u00a0pixel a pixel<\/strong><\/h2>\n\n\n\n<p class=\"has-medium-font-size\">Trabajamos con una visi\u00f3n de largo recorrido, la tecnolog\u00eda facilita pero algunos se empe\u00f1an en hacer m\u00e1s complicado lo f\u00e1cil.<br><\/p>\n\n\n\n<h2 class=\"wp-block-heading has-medium-font-size\"><strong>Cambios sutiles consiguen grandes beneficios &#8211; lo llamamos \u00abre-thinking\u00bb &#8211;<\/strong><\/h2>\n\n\n\n<p class=\"has-medium-font-size\">Antes de usar la tecnolog\u00eda usa tu cabeza, si estas haciendo algo mal ahora puede que lo sigas haciendo mal despu\u00e9s<\/p>\n\n\n\n<h2 class=\"wp-block-heading has-medium-font-size\"><strong>La curiosidad no mat\u00f3 al gato<\/strong><\/h2>\n\n\n\n<p class=\"has-medium-font-size\">Siempre nos gusta ir m\u00e1s all\u00e1 en todo lo que hacemos Somos \u00abj\u00f3venes\u00bb emprendedores en cuerpo y esp\u00edritu,aunque muchos de nosotros peinemos ya muchas canas.<\/p>\n\n\n\n<p><\/p>\n","protected":false},"excerpt":{"rendered":"<p>En el mundo real y el digital, crecimos sin y con internet, conocimos la burbuja, navegamos con Netscape, publicamos en las News, chateamos en IRC, exist\u00eda antes de los dispositivos convergentes y las manzanas. El mundo real existe: \u00a0Integramos ambas realidades\u00a0pixel a pixel Trabajamos con una visi\u00f3n de largo recorrido, la tecnolog\u00eda facilita pero algunos &hellip; <\/p>\n<p class=\"link-more\"><a href=\"https:\/\/irrelevant.es\/?page_id=2\" class=\"more-link\">Continuar leyendo<span class=\"screen-reader-text\"> \u00abSobre Nosotros\u00bb<\/span><\/a><\/p>\n","protected":false},"author":1,"featured_media":0,"parent":0,"menu_order":0,"comment_status":"closed","ping_status":"closed","template":"","meta":{"footnotes":""},"class_list":["post-2","page","type-page","status-publish","hentry"],"_links":{"self":[{"href":"https:\/\/irrelevant.es\/index.php?rest_route=\/wp\/v2\/pages\/2","targetHints":{"allow":["GET"]}}],"collection":[{"href":"https:\/\/irrelevant.es\/index.php?rest_route=\/wp\/v2\/pages"}],"about":[{"href":"https:\/\/irrelevant.es\/index.php?rest_route=\/wp\/v2\/types\/page"}],"author":[{"embeddable":true,"href":"https:\/\/irrelevant.es\/index.php?rest_route=\/wp\/v2\/users\/1"}],"replies":[{"embeddable":true,"href":"https:\/\/irrelevant.es\/index.php?rest_route=%2Fwp%2Fv2%2Fcomments&post=2"}],"version-history":[{"count":11,"href":"https:\/\/irrelevant.es\/index.php?rest_route=\/wp\/v2\/pages\/2\/revisions"}],"predecessor-version":[{"id":85,"href":"https:\/\/irrelevant.es\/index.php?rest_route=\/wp\/v2\/pages\/2\/revisions\/85"}],"wp:attachment":[{"href":"https:\/\/irrelevant.es\/index.php?rest_route=%2Fwp%2Fv2%2Fmedia&parent=2"}],"curies":[{"name":"wp","href":"https:\/\/api.w.org\/{rel}","templated":true}]}}